{"id":9849,"date":"2022-12-19T17:42:02","date_gmt":"2022-12-19T17:42:02","guid":{"rendered":"https:\/\/matrixkonstruksion.com\/?page_id=9849"},"modified":"2024-10-04T06:51:02","modified_gmt":"2024-10-04T06:51:02","slug":"matrix-bussines-invest","status":"publish","type":"page","link":"https:\/\/matrixkonstruksion.com\/en\/matrix-bussines-invest\/","title":{"rendered":"Matrix Bussines Invest"},"content":{"rendered":"<div data-elementor-type=\"wp-page\" data-elementor-id=\"9849\" class=\"elementor elementor-9849\">\n\t\t\t\t\t\t<section class=\"elementor-section elementor-top-section elementor-element elementor-element-bed6930 elementor-section-boxed elementor-section-height-default elementor-section-height-default\" data-id=\"bed6930\" data-element_type=\"section\">\n\t\t\t\t\t\t<div class=\"elementor-container elementor-column-gap-default\">\n\t\t\t\t\t<div class=\"elementor-column elementor-col-50 elementor-top-column elementor-element elementor-element-8263e76\" data-id=\"8263e76\" data-element_type=\"column\">\n\t\t\t<div class=\"elementor-widget-wrap elementor-element-populated\">\n\t\t\t\t\t\t<div class=\"elementor-element elementor-element-ffeb0d8 elementor-widget elementor-widget-hub_fancy_heading\" data-id=\"ffeb0d8\" data-element_type=\"widget\" data-widget_type=\"hub_fancy_heading.default\">\n\t\t\t\t<div class=\"elementor-widget-container\">\n\t\t\t\t\t\n\t\t<div id=\"ld-fancy-heading-69dc9a52a6a67\" class=\"ld-fancy-heading pos-rel\">\n\t\t\t<h1 class=\"ld-fh-element d-inline-block pos-rel  elementor-heading-title lqd-highlight-classic lqd-highlight-grow-left h1\"  > Matrix Busines Invest <\/h1>\t\t<\/div>\n\n\t\t\t\t\t\t<\/div>\n\t\t\t\t<\/div>\n\t\t\t\t\t<\/div>\n\t\t<\/div>\n\t\t\t\t<div class=\"elementor-column elementor-col-50 elementor-top-column elementor-element elementor-element-7440101\" data-id=\"7440101\" data-element_type=\"column\">\n\t\t\t<div class=\"elementor-widget-wrap elementor-element-populated\">\n\t\t\t\t\t\t<div class=\"elementor-element elementor-element-dd2d2ea elementor-widget__width-auto elementor-widget elementor-widget-ld_button\" data-id=\"dd2d2ea\" data-element_type=\"widget\" data-widget_type=\"ld_button.default\">\n\t\t\t\t<div class=\"elementor-widget-container\">\n\t\t\t\t\t\n\t\t<a  href=\"https:\/\/matrixbusinessinvest.com\/\" class=\"elementor-button btn align-items-center justify-content-center pos-rel overflow-hidden ws-nowrap btn-naked btn-icon-right btn-has-label\" target=\"_blank\" rel=\"nofollow\" >\n\t\t\t\t\t\t\t<span class=\"btn-txt d-block pos-rel z-index-3\"  data-text=\"Vizito website\" >\n\t\t\t\t\t\t\t\t\t\t\tVisit website\t\t\t\t\t\t\t\t\t<\/span>\n\t\t\t\t\t\t\t\t\t\t\t<span class=\"btn-icon pos-rel z-index-3\">\n\t\t\t\t\t\t<i aria-hidden=\"true\" class=\"lqd-icn-ess icon-lqd-dots-alt\"><\/i>\t\t\t\t\t<\/span>\n\t\t\t\t\t\t\t<\/a>\n\n\t\t\t\t\t\t<\/div>\n\t\t\t\t<\/div>\n\t\t\t\t\t<\/div>\n\t\t<\/div>\n\t\t\t\t\t<\/div>\n\t\t<\/section>\n\t\t\t\t<section class=\"elementor-section elementor-top-section elementor-element elementor-element-9cbdd07 elementor-section-boxed elementor-section-height-default elementor-section-height-default\" data-id=\"9cbdd07\" data-element_type=\"section\">\n\t\t\t\t\t\t<div class=\"elementor-container elementor-column-gap-default\">\n\t\t\t\t\t<div class=\"elementor-column elementor-col-100 elementor-top-column elementor-element elementor-element-b7cde51\" data-id=\"b7cde51\" data-element_type=\"column\">\n\t\t\t<div class=\"elementor-widget-wrap elementor-element-populated\">\n\t\t\t\t\t\t<div class=\"elementor-element elementor-element-406d849 elementor-arrows-position-inside elementor-widget elementor-widget-image-carousel\" data-id=\"406d849\" data-element_type=\"widget\" data-settings=\"{&quot;slides_to_show&quot;:&quot;1&quot;,&quot;navigation&quot;:&quot;arrows&quot;,&quot;autoplay&quot;:&quot;no&quot;,&quot;infinite&quot;:&quot;yes&quot;,&quot;effect&quot;:&quot;slide&quot;,&quot;speed&quot;:500}\" data-widget_type=\"image-carousel.default\">\n\t\t\t\t<div class=\"elementor-widget-container\">\n\t\t\t\t\t\t\t<div class=\"elementor-image-carousel-wrapper swiper\" role=\"region\" aria-roledescription=\"carousel\" aria-label=\"Image Carousel\" dir=\"ltr\">\n\t\t\t<div class=\"elementor-image-carousel swiper-wrapper swiper-image-stretch\" aria-live=\"polite\">\n\t\t\t\t\t\t\t\t<div class=\"swiper-slide\" role=\"group\" aria-roledescription=\"slide\" aria-label=\"1 of 1\"><figure class=\"swiper-slide-inner\"><img decoding=\"async\" class=\"swiper-slide-image\" src=\"https:\/\/matrixkonstruksion.com\/wp-content\/uploads\/2024\/10\/Cover.jpg\" alt=\"Cover\" \/><\/figure><\/div>\t\t\t<\/div>\n\t\t\t\t\t<\/div>\n\t\t\t\t\t\t<\/div>\n\t\t\t\t<\/div>\n\t\t\t\t<div class=\"elementor-element elementor-element-dfab3ed elementor-widget elementor-widget-spacer\" data-id=\"dfab3ed\" data-element_type=\"widget\" data-widget_type=\"spacer.default\">\n\t\t\t\t<div class=\"elementor-widget-container\">\n\t\t\t\t\t\t\t<div class=\"elementor-spacer\">\n\t\t\t<div class=\"elementor-spacer-inner\"><\/div>\n\t\t<\/div>\n\t\t\t\t\t\t<\/div>\n\t\t\t\t<\/div>\n\t\t\t\t<div class=\"elementor-element elementor-element-70612b7 elementor-widget elementor-widget-image-carousel\" data-id=\"70612b7\" data-element_type=\"widget\" data-settings=\"{&quot;slides_to_show&quot;:&quot;5&quot;,&quot;navigation&quot;:&quot;none&quot;,&quot;autoplay&quot;:&quot;no&quot;,&quot;infinite&quot;:&quot;no&quot;,&quot;speed&quot;:500,&quot;image_spacing_custom&quot;:{&quot;unit&quot;:&quot;px&quot;,&quot;size&quot;:20,&quot;sizes&quot;:[]},&quot;image_spacing_custom_tablet&quot;:{&quot;unit&quot;:&quot;px&quot;,&quot;size&quot;:&quot;&quot;,&quot;sizes&quot;:[]},&quot;image_spacing_custom_mobile&quot;:{&quot;unit&quot;:&quot;px&quot;,&quot;size&quot;:&quot;&quot;,&quot;sizes&quot;:[]}}\" data-widget_type=\"image-carousel.default\">\n\t\t\t\t<div class=\"elementor-widget-container\">\n\t\t\t\t\t\t\t<div class=\"elementor-image-carousel-wrapper swiper\" role=\"region\" aria-roledescription=\"carousel\" aria-label=\"Image Carousel\" dir=\"ltr\">\n\t\t\t<div class=\"elementor-image-carousel swiper-wrapper swiper-image-stretch\" aria-live=\"polite\">\n\t\t\t\t\t\t\t\t<div class=\"swiper-slide\" role=\"group\" aria-roledescription=\"slide\" aria-label=\"1 of 5\"><figure class=\"swiper-slide-inner\"><img decoding=\"async\" class=\"swiper-slide-image\" src=\"https:\/\/matrixkonstruksion.com\/wp-content\/uploads\/2024\/10\/apartamente.jpg\" alt=\"apartamente\" \/><\/figure><\/div><div class=\"swiper-slide\" role=\"group\" aria-roledescription=\"slide\" aria-label=\"2 of 5\"><figure class=\"swiper-slide-inner\"><img decoding=\"async\" class=\"swiper-slide-image\" src=\"https:\/\/matrixkonstruksion.com\/wp-content\/uploads\/2024\/10\/Biznes.jpg\" alt=\"Biznes\" \/><\/figure><\/div><div class=\"swiper-slide\" role=\"group\" aria-roledescription=\"slide\" aria-label=\"3 of 5\"><figure class=\"swiper-slide-inner\"><img decoding=\"async\" class=\"swiper-slide-image\" src=\"https:\/\/matrixkonstruksion.com\/wp-content\/uploads\/2024\/10\/zyra.jpg\" alt=\"zyra\" \/><\/figure><\/div><div class=\"swiper-slide\" role=\"group\" aria-roledescription=\"slide\" aria-label=\"4 of 5\"><figure class=\"swiper-slide-inner\"><img decoding=\"async\" class=\"swiper-slide-image\" src=\"https:\/\/matrixkonstruksion.com\/wp-content\/uploads\/2024\/10\/vila.jpg\" alt=\"vila\" \/><\/figure><\/div><div class=\"swiper-slide\" role=\"group\" aria-roledescription=\"slide\" aria-label=\"5 of 5\"><figure class=\"swiper-slide-inner\"><img decoding=\"async\" class=\"swiper-slide-image\" src=\"https:\/\/matrixkonstruksion.com\/wp-content\/uploads\/2024\/10\/Parking.jpg\" alt=\"Parking\" \/><\/figure><\/div>\t\t\t<\/div>\n\t\t\t\t\t\t\t\n\t\t\t\t\t\t\t\t\t<\/div>\n\t\t\t\t\t\t<\/div>\n\t\t\t\t<\/div>\n\t\t\t\t<div class=\"elementor-element elementor-element-04fee13 elementor-hidden-desktop elementor-hidden-tablet elementor-hidden-mobile elementor-widget elementor-widget-ld_tabs\" data-id=\"04fee13\" data-element_type=\"widget\" data-widget_type=\"ld_tabs.default\">\n\t\t\t\t<div class=\"elementor-widget-container\">\n\t\t\t\t\t\t\t<div class=\"lqd-tabs lqd-tabs-style-7 lqd-tabs-nav-plain d-flex lqd-tabs-nav-items-not-expanded flex-column 04fee13 lqd-nav-underline-default\" data-tabs-options='{\"trigger\":\"click\"}'>\n\t\t\n\t\t\t<nav class=\"lqd-tabs-nav-wrap mb-6\">\n\t\t\t\t<ul class=\"reset-ul lqd-tabs-nav d-flex align-items-center flex-wrap justify-content-between pos-rel\" role=\"tablist\"><li data-controls=\"fokus\" role=\"presentation\" class=\"elementor-repeater-item-05f5e55 active mb-3\"><a class=\"d-flex align-items-center\" href=\"#fokus\" aria-expanded=\"false\" aria-controls=\"fokus\" role=\"tab\" data-toggle=\"tab\"><span class=\"lqd-tabs-nav-txt\">Customers are our priority  <\/span><\/a><\/li><li data-controls=\"zhvillim\" role=\"presentation\" class=\"elementor-repeater-item-d5eaac3 mb-3\"><a class=\"d-flex align-items-center\" href=\"#zhvillim\" aria-expanded=\"false\" aria-controls=\"zhvillim\" role=\"tab\" data-toggle=\"tab\"><span class=\"lqd-tabs-nav-txt\">Development for businesses<\/span><\/a><\/li><li data-controls=\"vendndodhje\" role=\"presentation\" class=\"elementor-repeater-item-a6924a5 mb-3\"><a class=\"d-flex align-items-center\" href=\"#vendndodhje\" aria-expanded=\"false\" aria-controls=\"vendndodhje\" role=\"tab\" data-toggle=\"tab\"><span class=\"lqd-tabs-nav-txt\">Strategic location<\/span><\/a><\/li><li data-controls=\"investim\" role=\"presentation\" class=\"elementor-repeater-item-ae4ea4c mb-3\"><a class=\"d-flex align-items-center\" href=\"#investim\" aria-expanded=\"false\" aria-controls=\"investim\" role=\"tab\" data-toggle=\"tab\"><span class=\"lqd-tabs-nav-txt\">Safe investment<\/span><\/a><\/li><\/ul>\t\t\t\t \n\t\t\t<\/nav>\n\t\t\n\t\t\t<div class=\"lqd-tabs-content pos-rel\"><div id=\"fokus\" role=\"tabpanel\" class=\"lqd-tabs-pane fade active in\">We know about all customers\u2019 needs through databases, surveys and requests according to typologies of apartments, types of services and methods of financing. <\/div><div id=\"zhvillim\" role=\"tabpanel\" class=\"lqd-tabs-pane fade\"><p>Business and commercial spaces are managed to record high social performance and create community development.<\/p> <\/div><div id=\"vendndodhje\" role=\"tabpanel\" class=\"lqd-tabs-pane fade\"><p>We always invest in areas with long-term development. Investment opportunity in properties that have access to the main roads of the capital city.<\/p> <\/div><div id=\"investim\" role=\"tabpanel\" class=\"lqd-tabs-pane fade\"><p>Thanks to the expertise, development over the years and in-depth knowledge of our team in Real Estate, we have been guaranteeing your investment for 28 years.<\/p> <\/div><\/div>\t\t\n\t\t<\/div>\n\t\t\t\t\t<\/div>\n\t\t\t\t<\/div>\n\t\t\t\t\t<\/div>\n\t\t<\/div>\n\t\t\t\t\t<\/div>\n\t\t<\/section>\n\t\t\t\t<section class=\"elementor-section elementor-top-section elementor-element elementor-element-a1b6d9c elementor-section-boxed elementor-section-height-default elementor-section-height-default\" data-id=\"a1b6d9c\" data-element_type=\"section\">\n\t\t\t\t\t\t<div class=\"elementor-container elementor-column-gap-default\">\n\t\t\t\t\t<div class=\"elementor-column elementor-col-100 elementor-top-column elementor-element elementor-element-bdec82b\" data-id=\"bdec82b\" data-element_type=\"column\">\n\t\t\t<div class=\"elementor-widget-wrap elementor-element-populated\">\n\t\t\t\t\t\t<div class=\"elementor-element elementor-element-f94116e elementor-widget elementor-widget-hub_fancy_heading\" data-id=\"f94116e\" data-element_type=\"widget\" data-widget_type=\"hub_fancy_heading.default\">\n\t\t\t\t<div class=\"elementor-widget-container\">\n\t\t\t\t\t\n\t\t<div id=\"ld-fancy-heading-69dc9a52b13c7\" class=\"ld-fancy-heading pos-rel\">\n\t\t\t<h3 class=\"ld-fh-element d-inline-block pos-rel  elementor-heading-title lqd-highlight-classic lqd-highlight-grow-left h3\"  > MATRIX BUSINESS INVEST\n\n<\/h3>\t\t<\/div>\n\n\t\t\t\t\t\t<\/div>\n\t\t\t\t<\/div>\n\t\t\t\t<div class=\"elementor-element elementor-element-1182111 elementor-widget elementor-widget-text-editor\" data-id=\"1182111\" data-element_type=\"widget\" data-widget_type=\"text-editor.default\">\n\t\t\t\t<div class=\"elementor-widget-container\">\n\t\t\t\t\t\t\t\t\t<p>Invest today, do business tomorrow!<\/p>\t\t\t\t\t\t\t\t<\/div>\n\t\t\t\t<\/div>\n\t\t\t\t<div class=\"elementor-element elementor-element-2189fcc elementor-widget elementor-widget-hub_fancy_heading\" data-id=\"2189fcc\" data-element_type=\"widget\" data-widget_type=\"hub_fancy_heading.default\">\n\t\t\t\t<div class=\"elementor-widget-container\">\n\t\t\t\t\t\n\t\t<div id=\"ld-fancy-heading-69dc9a52b227e\" class=\"ld-fancy-heading pos-rel\">\n\t\t\t<p class=\"ld-fh-element d-inline-block pos-rel  lqd-highlight-classic lqd-highlight-grow-left p\"  > Matrix Business Invest is the newest innovative platform B2B.<br>\nThis platform allows you to navigate, assess and analyse your opportunities<br> for investments in properties with strategic locations in Tirana, but not only.<br>\nWith MATRIX BUSINESS INVEST, investments do come back!\n<\/p>\t\t<\/div>\n\n\t\t\t\t\t\t<\/div>\n\t\t\t\t<\/div>\n\t\t\t\t\t<\/div>\n\t\t<\/div>\n\t\t\t\t\t<\/div>\n\t\t<\/section>\n\t\t\t\t<section class=\"elementor-section elementor-top-section elementor-element elementor-element-c637206 elementor-hidden-desktop elementor-hidden-tablet elementor-hidden-mobile elementor-section-boxed elementor-section-height-default elementor-section-height-default\" data-id=\"c637206\" data-element_type=\"section\">\n\t\t\t\t\t\t<div class=\"elementor-container elementor-column-gap-default\">\n\t\t\t\t\t<div class=\"elementor-column elementor-col-33 elementor-top-column elementor-element elementor-element-91049fc\" data-id=\"91049fc\" data-element_type=\"column\">\n\t\t\t<div class=\"elementor-widget-wrap elementor-element-populated\">\n\t\t\t\t\t\t<div class=\"elementor-element elementor-element-c1f52f2 elementor-widget elementor-widget-hub_fancy_heading\" data-id=\"c1f52f2\" data-element_type=\"widget\" data-widget_type=\"hub_fancy_heading.default\">\n\t\t\t\t<div class=\"elementor-widget-container\">\n\t\t\t\t\t\n\t\t<div id=\"ld-fancy-heading-69dc9a52b2db1\" class=\"ld-fancy-heading pos-rel\">\n\t\t\t<h2 class=\"ld-fh-element d-inline-block pos-rel  elementor-heading-title lqd-highlight-classic lqd-highlight-grow-left h2\"  >  Interior Design<\/h2>\t\t<\/div>\n\n\t\t\t\t\t\t<\/div>\n\t\t\t\t<\/div>\n\t\t\t\t<div class=\"elementor-element elementor-element-90eccf8 elementor-widget elementor-widget-hub_fancy_heading\" data-id=\"90eccf8\" data-element_type=\"widget\" data-widget_type=\"hub_fancy_heading.default\">\n\t\t\t\t<div class=\"elementor-widget-container\">\n\t\t\t\t\t\n\t\t<div id=\"ld-fancy-heading-69dc9a52b3318\" class=\"ld-fancy-heading pos-rel\">\n\t\t\t<p class=\"ld-fh-element d-inline-block pos-rel  lqd-highlight-classic lqd-highlight-grow-left p\"  > Excepteur sint occaecat cupidatat non proident, sunt in culpa qui officia deserunt mollit anim id est laborum. Sed ut perspiciatis unde omnis iste natus error sit voluptatem accusantium doloremque laudantium, totam rem aperiam, eaque ipsa quae ab illo inventore veritatis et<\/p>\t\t<\/div>\n\n\t\t\t\t\t\t<\/div>\n\t\t\t\t<\/div>\n\t\t\t\t\t<\/div>\n\t\t<\/div>\n\t\t\t\t<div class=\"elementor-column elementor-col-33 elementor-top-column elementor-element elementor-element-09263cb\" data-id=\"09263cb\" data-element_type=\"column\">\n\t\t\t<div class=\"elementor-widget-wrap elementor-element-populated\">\n\t\t\t\t\t\t<div class=\"elementor-element elementor-element-9bc1ee0 elementor-widget elementor-widget-ld_hotspots\" data-id=\"9bc1ee0\" data-element_type=\"widget\" data-widget_type=\"ld_hotspots.default\">\n\t\t\t\t<div class=\"elementor-widget-container\">\n\t\t\t\t\t\n\t\t\t<div class=\"lqd-hotspot pos-rel\">\n\t\t\t\t<div class=\"lqd-hotspot-inner\">\n\n\t\t\t\t\t<div class=\"lqd-hotspot-img\">\n\t\t\t\t\t\t<figure>\n\t\t\t\t\t\t\t<img decoding=\"async\" src=\"https:\/\/matrixkonstruksion.com\/wp-content\/uploads\/2022\/03\/scroll-down-1-1.svg\" class=\"w-100\" alt=\"\" \/>\t\t\t\t\t\t<\/figure>\n\t\t\t\t\t<\/div>\n\t\t\t\t\t<div class=\"lqd-hotspot-items lqd-overlay\">\n\n\t\t\t\t\t\t\t\t\t\t\t\t\n\t\t\t\t\t\t\t\t\t\t\t\t<div class=\"lqd-hotspot-item lqd-hotspot-x lqd-hotspot-l pos-abs elementor-repeater-item-fdb9fb1\" style=\"top:43%;right:30%;\">\n\t\t\t\t\t\t\t<span class=\"lqd-hotspot-mark d-inline-flex align-items-center justify-content-center border-radius-circle\">\n\t\t\t\t\t\t\t<svg class=\"pos-rel\" width=\"32\" height=\"32\" xmlns=\"http:\/\/www.w3.org\/2000\/svg\" viewbox=\"0 0 32 32\" style=\"width: 1em; height: 1em;\"><path d=\"M16.03 6a1 1 0 0 1 1 1v8.02h8.02a1 1 0 1 1 0 2.01h-8.02v8.02a1 1 0 1 1-2.01 0v-8.02h-8.02a1 1 0 1 1 0-2.01h8.02v-8.01a1 1 0 0 1 1.01-1.01z\" fill=\"currentColor\"><\/path><\/svg>\n\t\t\t\t\t\t\t<\/span>\n\t\t\t\t\t\t\t<div class=\"lqd-hotspot-content p-4 border-radius-4 pos-abs z-index-5 text-center\">\n\t\t\t\t\t\t\t\t<h2 class=\"title h5 mt-0\">Interior Design<\/h2>\n\t\t\t\t\t\t\t\t<p class=\"desc mb-0\">Sed ut perspiciatis unde omnis iste natus error sit voluptatem <\/p>\n\t\t\t\t\t\t\t<\/div>\n\t\t\t\t\t\t<\/div>\n\n\t\t\t\t\t\t\t\t\t\t\t\t\n\t\t\t\t\t\t\t\t\t\t\t\t<div class=\"lqd-hotspot-item lqd-hotspot-x lqd-hotspot-r pos-abs elementor-repeater-item-a5da584\" style=\"top:65%;left:32%;\">\n\t\t\t\t\t\t\t<span class=\"lqd-hotspot-mark d-inline-flex align-items-center justify-content-center border-radius-circle\">\n\t\t\t\t\t\t\t<svg class=\"pos-rel\" width=\"32\" height=\"32\" xmlns=\"http:\/\/www.w3.org\/2000\/svg\" viewbox=\"0 0 32 32\" style=\"width: 1em; height: 1em;\"><path d=\"M16.03 6a1 1 0 0 1 1 1v8.02h8.02a1 1 0 1 1 0 2.01h-8.02v8.02a1 1 0 1 1-2.01 0v-8.02h-8.02a1 1 0 1 1 0-2.01h8.02v-8.01a1 1 0 0 1 1.01-1.01z\" fill=\"currentColor\"><\/path><\/svg>\n\t\t\t\t\t\t\t<\/span>\n\t\t\t\t\t\t\t<div class=\"lqd-hotspot-content p-4 border-radius-4 pos-abs z-index-5 text-center\">\n\t\t\t\t\t\t\t\t<h2 class=\"title h5 mt-0\">Trusted Experience<\/h2>\n\t\t\t\t\t\t\t\t<p class=\"desc mb-0\">Excepteur sint occaecat cupidatat non proident, sunt in culpa qui officia<\/p>\n\t\t\t\t\t\t\t<\/div>\n\t\t\t\t\t\t<\/div>\n\n\t\t\t\t\t\t\t\t\t\t\t\t\n\t\t\t\t\t<\/div>\n\n\t\t\t\t<\/div>\n\t\t\t<\/div>\n\n\t\t\t\t\t\t<\/div>\n\t\t\t\t<\/div>\n\t\t\t\t\t<\/div>\n\t\t<\/div>\n\t\t\t\t<div class=\"elementor-column elementor-col-33 elementor-top-column elementor-element elementor-element-1bbdfb1 elementor-hidden-tablet elementor-hidden-mobile\" data-id=\"1bbdfb1\" data-element_type=\"column\">\n\t\t\t<div class=\"elementor-widget-wrap elementor-element-populated\">\n\t\t\t\t\t\t<div class=\"elementor-element elementor-element-fac750f elementor-widget elementor-widget-hub_fancy_heading\" data-id=\"fac750f\" data-element_type=\"widget\" data-widget_type=\"hub_fancy_heading.default\">\n\t\t\t\t<div class=\"elementor-widget-container\">\n\t\t\t\t\t\n\t\t<div id=\"ld-fancy-heading-69dc9a52b4a6e\" class=\"ld-fancy-heading pos-rel\">\n\t\t\t<h6 class=\"ld-fh-element d-inline-block pos-rel  elementor-heading-title lqd-highlight-classic lqd-highlight-grow-left text-vertical h6\"  > White home<\/h6>\t\t<\/div>\n\n\t\t\t\t\t\t<\/div>\n\t\t\t\t<\/div>\n\t\t\t\t\t<\/div>\n\t\t<\/div>\n\t\t\t\t\t<\/div>\n\t\t<\/section>\n\t\t\t\t<section class=\"elementor-section elementor-top-section elementor-element elementor-element-84fe071 elementor-section-boxed elementor-section-height-default elementor-section-height-default\" data-id=\"84fe071\" data-element_type=\"section\">\n\t\t\t\t\t\t<div class=\"elementor-container elementor-column-gap-default\">\n\t\t\t\t\t<div class=\"elementor-column elementor-col-25 elementor-top-column elementor-element elementor-element-4278cf2\" data-id=\"4278cf2\" data-element_type=\"column\">\n\t\t\t<div class=\"elementor-widget-wrap elementor-element-populated\">\n\t\t\t\t\t\t<div class=\"elementor-element elementor-element-040b1e9 elementor-align-center elementor-widget elementor-widget-ld_counter\" data-id=\"040b1e9\" data-element_type=\"widget\" data-widget_type=\"ld_counter.default\">\n\t\t\t\t<div class=\"elementor-widget-container\">\n\t\t\t\t\t\n\t\t<div id=\"040b1e9\" class=\"lqd-counter pos-rel center lqd-counter-default\">\n\n\t\t\t\n\t\t\t<div class=\"lqd-counter-element pos-rel h2\" data-enable-counter=\"true\" data-counter-options='{\"targetNumber\":\"70+\"}'>\n\t\t\t\t<span class=\"d-block\">70+<\/span>\t\t\t<\/div>\n\n\t\t\t<span class=\"lqd-counter-text h4\">Properties<\/span>\t\t\t\n\n\t\t<\/div>\n\t\t\t\t\n\n\t\t\t\t\t\t<\/div>\n\t\t\t\t<\/div>\n\t\t\t\t\t<\/div>\n\t\t<\/div>\n\t\t\t\t<div class=\"elementor-column elementor-col-25 elementor-top-column elementor-element elementor-element-123858c\" data-id=\"123858c\" data-element_type=\"column\">\n\t\t\t<div class=\"elementor-widget-wrap elementor-element-populated\">\n\t\t\t\t\t\t<div class=\"elementor-element elementor-element-8031c65 elementor-align-center elementor-widget elementor-widget-ld_counter\" data-id=\"8031c65\" data-element_type=\"widget\" data-widget_type=\"ld_counter.default\">\n\t\t\t\t<div class=\"elementor-widget-container\">\n\t\t\t\t\t\n\t\t<div id=\"8031c65\" class=\"lqd-counter pos-rel center lqd-counter-default\">\n\n\t\t\t\n\t\t\t<div class=\"lqd-counter-element pos-rel h2\" data-enable-counter=\"true\" data-counter-options='{\"targetNumber\":\"8\"}'>\n\t\t\t\t<span class=\"d-block\">8<\/span>\t\t\t<\/div>\n\n\t\t\t<span class=\"lqd-counter-text h4\">Locations<\/span>\t\t\t\n\n\t\t<\/div>\n\t\t\t\t\n\n\t\t\t\t\t\t<\/div>\n\t\t\t\t<\/div>\n\t\t\t\t\t<\/div>\n\t\t<\/div>\n\t\t\t\t<div class=\"elementor-column elementor-col-25 elementor-top-column elementor-element elementor-element-2bdd2d2\" data-id=\"2bdd2d2\" data-element_type=\"column\">\n\t\t\t<div class=\"elementor-widget-wrap elementor-element-populated\">\n\t\t\t\t\t\t<div class=\"elementor-element elementor-element-6194118 elementor-align-center elementor-widget elementor-widget-ld_counter\" data-id=\"6194118\" data-element_type=\"widget\" data-widget_type=\"ld_counter.default\">\n\t\t\t\t<div class=\"elementor-widget-container\">\n\t\t\t\t\t\n\t\t<div id=\"6194118\" class=\"lqd-counter pos-rel center lqd-counter-default\">\n\n\t\t\t\n\t\t\t<div class=\"lqd-counter-element pos-rel h2\" data-enable-counter=\"true\" data-counter-options='{\"targetNumber\":\"9\"}'>\n\t\t\t\t<span class=\"d-block\">9<\/span>\t\t\t<\/div>\n\n\t\t\t<span class=\"lqd-counter-text h4\">Occasions<\/span>\t\t\t\n\n\t\t<\/div>\n\t\t\t\t\n\n\t\t\t\t\t\t<\/div>\n\t\t\t\t<\/div>\n\t\t\t\t\t<\/div>\n\t\t<\/div>\n\t\t\t\t<div class=\"elementor-column elementor-col-25 elementor-top-column elementor-element elementor-element-4bb7237\" data-id=\"4bb7237\" data-element_type=\"column\">\n\t\t\t<div class=\"elementor-widget-wrap elementor-element-populated\">\n\t\t\t\t\t\t<div class=\"elementor-element elementor-element-fba01eb elementor-align-center elementor-widget elementor-widget-ld_counter\" data-id=\"fba01eb\" data-element_type=\"widget\" data-widget_type=\"ld_counter.default\">\n\t\t\t\t<div class=\"elementor-widget-container\">\n\t\t\t\t\t\n\t\t<div id=\"fba01eb\" class=\"lqd-counter pos-rel center lqd-counter-default\">\n\n\t\t\t\n\t\t\t<div class=\"lqd-counter-element pos-rel h2\" data-enable-counter=\"true\" data-counter-options='{\"targetNumber\":\"8\"}'>\n\t\t\t\t<span class=\"d-block\">8<\/span>\t\t\t<\/div>\n\n\t\t\t<span class=\"lqd-counter-text h4\">Projects<\/span>\t\t\t\n\n\t\t<\/div>\n\t\t\t\t\n\n\t\t\t\t\t\t<\/div>\n\t\t\t\t<\/div>\n\t\t\t\t\t<\/div>\n\t\t<\/div>\n\t\t\t\t\t<\/div>\n\t\t<\/section>\n\t\t\t\t<\/div>","protected":false},"excerpt":{"rendered":"<p>Matrix Busines Invest Vizito website Fokus ndaj klientit Zhvillim p\u00ebr bizneset Vendodhje strategjike Investim i sigurt Njohim mir\u00eb t\u00eb gjitha k\u00ebrkesat e klient\u00ebve p\u00ebrmes databazave t\u00eb akumuluara, sondazheve dhe k\u00ebrkesave p\u00ebr tipologji apartamentesh, lloj sh\u00ebrbimesh dhe m\u00ebnyra financimi. Hap\u00ebsirat e biznesit dhe ato tregtare menaxhohen p\u00ebr t\u00eb regjistruar performanc\u00eb sociale t\u00eb lart\u00eb dhe p\u00ebr t\u00eb [&hellip;]<\/p>","protected":false},"author":1,"featured_media":0,"parent":0,"menu_order":0,"comment_status":"closed","ping_status":"closed","template":"","meta":{"_monsterinsights_skip_tracking":false,"_monsterinsights_sitenote_active":false,"_monsterinsights_sitenote_note":"","_monsterinsights_sitenote_category":0,"footnotes":""},"class_list":["post-9849","page","type-page","status-publish","hentry"],"_links":{"self":[{"href":"https:\/\/matrixkonstruksion.com\/en\/wp-json\/wp\/v2\/pages\/9849","targetHints":{"allow":["GET"]}}],"collection":[{"href":"https:\/\/matrixkonstruksion.com\/en\/wp-json\/wp\/v2\/pages"}],"about":[{"href":"https:\/\/matrixkonstruksion.com\/en\/wp-json\/wp\/v2\/types\/page"}],"author":[{"embeddable":true,"href":"https:\/\/matrixkonstruksion.com\/en\/wp-json\/wp\/v2\/users\/1"}],"replies":[{"embeddable":true,"href":"https:\/\/matrixkonstruksion.com\/en\/wp-json\/wp\/v2\/comments?post=9849"}],"version-history":[{"count":12,"href":"https:\/\/matrixkonstruksion.com\/en\/wp-json\/wp\/v2\/pages\/9849\/revisions"}],"predecessor-version":[{"id":13097,"href":"https:\/\/matrixkonstruksion.com\/en\/wp-json\/wp\/v2\/pages\/9849\/revisions\/13097"}],"wp:attachment":[{"href":"https:\/\/matrixkonstruksion.com\/en\/wp-json\/wp\/v2\/media?parent=9849"}],"curies":[{"name":"wp","href":"https:\/\/api.w.org\/{rel}","templated":true}]}}