{"id":13595,"date":"2025-08-22T11:22:54","date_gmt":"2025-08-22T11:22:54","guid":{"rendered":"https:\/\/matrixkonstruksion.com\/?page_id=13595"},"modified":"2025-08-22T11:25:17","modified_gmt":"2025-08-22T11:25:17","slug":"our-standards","status":"publish","type":"page","link":"https:\/\/matrixkonstruksion.com\/en\/our-standards\/","title":{"rendered":"Our Standards"},"content":{"rendered":"<div data-elementor-type=\"wp-page\" data-elementor-id=\"13595\" class=\"elementor elementor-13595\">\n\t\t\t\t\t\t<section class=\"elementor-section elementor-top-section elementor-element elementor-element-2d91763e elementor-section-height-min-height elementor-section-items-stretch elementor-section-boxed elementor-section-height-default\" data-id=\"2d91763e\" data-element_type=\"section\" data-settings=\"{&quot;background_background&quot;:&quot;slideshow&quot;,&quot;background_slideshow_gallery&quot;:[{&quot;id&quot;:12809,&quot;url&quot;:&quot;https:\\\/\\\/matrixkonstruksion.com\\\/wp-content\\\/uploads\\\/2024\\\/02\\\/homepage-pic2.webp&quot;}],&quot;background_slideshow_ken_burns&quot;:&quot;yes&quot;,&quot;background_slideshow_slide_duration&quot;:5000,&quot;background_slideshow_slide_transition&quot;:&quot;fade&quot;,&quot;background_slideshow_transition_duration&quot;:500,&quot;background_slideshow_ken_burns_zoom_direction&quot;:&quot;in&quot;}\">\n\t\t\t\t\t\t\t<div class=\"elementor-background-overlay\"><\/div>\n\t\t\t\t\t\t\t<div class=\"elementor-container elementor-column-gap-no\">\n\t\t\t\t\t<div class=\"elementor-column elementor-col-100 elementor-top-column elementor-element elementor-element-e9017d1\" data-id=\"e9017d1\" data-element_type=\"column\">\n\t\t\t<div class=\"elementor-widget-wrap elementor-element-populated\">\n\t\t\t\t\t\t<section class=\"elementor-section elementor-inner-section elementor-element elementor-element-5d12bda9 elementor-section-content-middle elementor-section-boxed elementor-section-height-default elementor-section-height-default\" data-id=\"5d12bda9\" data-element_type=\"section\">\n\t\t\t\t\t\t<div class=\"elementor-container elementor-column-gap-default\">\n\t\t\t\t\t<div class=\"elementor-column elementor-col-50 elementor-inner-column elementor-element elementor-element-6ce480f8\" data-id=\"6ce480f8\" data-element_type=\"column\">\n\t\t\t<div class=\"elementor-widget-wrap elementor-element-populated\">\n\t\t\t\t\t\t<div class=\"elementor-element elementor-element-fac0215 elementor-widget elementor-widget-hub_fancy_heading\" data-id=\"fac0215\" data-element_type=\"widget\" data-widget_type=\"hub_fancy_heading.default\">\n\t\t\t\t<div class=\"elementor-widget-container\">\n\t\t\t\t\t\n\t\t<div id=\"ld-fancy-heading-69f37bbaa20de\" class=\"ld-fancy-heading pos-rel\">\n\t\t\t<h2 class=\"ld-fh-element d-inline-block pos-rel  elementor-heading-title lqd-highlight-classic lqd-highlight-grow-left h2\"  > Our standards<\/h2>\t\t<\/div>\n\n\t\t\t\t\t\t<\/div>\n\t\t\t\t<\/div>\n\t\t\t\t<div class=\"elementor-element elementor-element-65a6e52e elementor-widget-divider--view-line elementor-widget elementor-widget-divider\" data-id=\"65a6e52e\" data-element_type=\"widget\" data-widget_type=\"divider.default\">\n\t\t\t\t<div class=\"elementor-widget-container\">\n\t\t\t\t\t\t\t<div class=\"elementor-divider\">\n\t\t\t<span class=\"elementor-divider-separator\">\n\t\t\t\t\t\t<\/span>\n\t\t<\/div>\n\t\t\t\t\t\t<\/div>\n\t\t\t\t<\/div>\n\t\t\t\t\t<\/div>\n\t\t<\/div>\n\t\t\t\t<div class=\"elementor-column elementor-col-50 elementor-inner-column elementor-element elementor-element-79a26ade\" data-id=\"79a26ade\" data-element_type=\"column\">\n\t\t\t<div class=\"elementor-widget-wrap\">\n\t\t\t\t\t\t\t<\/div>\n\t\t<\/div>\n\t\t\t\t\t<\/div>\n\t\t<\/section>\n\t\t\t\t\t<\/div>\n\t\t<\/div>\n\t\t\t\t\t<\/div>\n\t\t<\/section>\n\t\t\t\t<section class=\"elementor-section elementor-top-section elementor-element elementor-element-f9f1181 elementor-section-boxed elementor-section-height-default elementor-section-height-default\" data-id=\"f9f1181\" data-element_type=\"section\">\n\t\t\t\t\t\t<div class=\"elementor-container elementor-column-gap-default\">\n\t\t\t\t\t<div class=\"elementor-column elementor-col-100 elementor-top-column elementor-element elementor-element-127f40c\" data-id=\"127f40c\" data-element_type=\"column\">\n\t\t\t<div class=\"elementor-widget-wrap elementor-element-populated\">\n\t\t\t\t\t\t<section class=\"elementor-section elementor-inner-section elementor-element elementor-element-0bd93c4 elementor-section-boxed elementor-section-height-default elementor-section-height-default\" data-id=\"0bd93c4\" data-element_type=\"section\">\n\t\t\t\t\t\t<div class=\"elementor-container elementor-column-gap-default\">\n\t\t\t\t\t<div class=\"elementor-column elementor-col-50 elementor-inner-column elementor-element elementor-element-41db2a2\" data-id=\"41db2a2\" data-element_type=\"column\">\n\t\t\t<div class=\"elementor-widget-wrap elementor-element-populated\">\n\t\t\t\t\t\t<div class=\"elementor-element elementor-element-4393e21 elementor-widget elementor-widget-hub_fancy_heading\" data-id=\"4393e21\" data-element_type=\"widget\" data-widget_type=\"hub_fancy_heading.default\">\n\t\t\t\t<div class=\"elementor-widget-container\">\n\t\t\t\t\t\n\t\t<div id=\"ld-fancy-heading-69f37bbaa416a\" class=\"ld-fancy-heading pos-rel\">\n\t\t\t<p class=\"ld-fh-element d-inline-block pos-rel  lqd-highlight-classic lqd-highlight-grow-left p\"  > Our standards<\/p>\t\t<\/div>\n\n\t\t\t\t\t\t<\/div>\n\t\t\t\t<\/div>\n\t\t\t\t\t<\/div>\n\t\t<\/div>\n\t\t\t\t<div class=\"elementor-column elementor-col-50 elementor-inner-column elementor-element elementor-element-3f26d05\" data-id=\"3f26d05\" data-element_type=\"column\">\n\t\t\t<div class=\"elementor-widget-wrap elementor-element-populated\">\n\t\t\t\t\t\t<div class=\"elementor-element elementor-element-b2e2da4 elementor-widget elementor-widget-hub_fancy_heading\" data-id=\"b2e2da4\" data-element_type=\"widget\" data-widget_type=\"hub_fancy_heading.default\">\n\t\t\t\t<div class=\"elementor-widget-container\">\n\t\t\t\t\t\n\t\t<div id=\"ld-fancy-heading-69f37bbaa4a54\" class=\"ld-fancy-heading pos-rel\">\n\t\t\t<p class=\"ld-fh-element d-inline-block pos-rel  lqd-highlight-classic lqd-highlight-grow-left p\"  > ISO 9001 \u2013 Quality Management Systems<br \/>\nISO 14001 \u2013 Environmental Management Systems<br \/>\nISO 45001 \u2013 Occupational Health and Safety Management Systems <br \/>\nISO 50001 \u2013 Energy Management Systems <br \/>\nUN Woman \u2013 Signatory of the \u201cWomen\u2019s Empowerment Principles\u201d initiative <br \/>\n'For Life' Policy \u2013 Enhancing the well-being of staff and encouraging the creation of new families.\n<\/p>\t\t<\/div>\n\n\t\t\t\t\t\t<\/div>\n\t\t\t\t<\/div>\n\t\t\t\t\t<\/div>\n\t\t<\/div>\n\t\t\t\t\t<\/div>\n\t\t<\/section>\n\t\t\t\t\t<\/div>\n\t\t<\/div>\n\t\t\t\t\t<\/div>\n\t\t<\/section>\n\t\t\t\t<section class=\"elementor-section elementor-top-section elementor-element elementor-element-5c297d64 elementor-section-boxed elementor-section-height-default elementor-section-height-default\" data-id=\"5c297d64\" data-element_type=\"section\">\n\t\t\t\t\t\t<div class=\"elementor-container elementor-column-gap-default\">\n\t\t\t\t\t<div class=\"elementor-column elementor-col-100 elementor-top-column elementor-element elementor-element-2b9fe3ae\" data-id=\"2b9fe3ae\" data-element_type=\"column\">\n\t\t\t<div class=\"elementor-widget-wrap elementor-element-populated\">\n\t\t\t\t\t\t<div class=\"elementor-element elementor-element-84e86c elementor-hidden-desktop elementor-hidden-tablet elementor-hidden-mobile elementor-widget elementor-widget-ld_carousel\" data-id=\"84e86c\" data-element_type=\"widget\" data-widget_type=\"ld_carousel.default\">\n\t\t\t\t<div class=\"elementor-widget-container\">\n\t\t\t\t\t\n\t\t<div class=\"carousel-container pos-rel   carousel-nav-shaped                carousel-dots-mobile-outside carousel-dots-mobile-center\">\n\n\t\t\t<div class=\"carousel-items pos-rel\"  data-lqd-flickity='{\"cellAlign\":\"center\",\"pageDots\":true,\"groupCells\":true,\"wrapAround\":true,\"adaptiveHeight\":true,\"dotsIndicator\":\"numbers\",\"autoPlay\":true,\"pauseAutoPlayOnHover\":false,\"prevNextButtons\":false,\"numbersStyle\":\"line\",\"dotsAppendTo\":\"self\"}'>\n\n\t\t\t\t\t\t\t\t<div class=\"flickity-viewport pos-rel w-100 overflow-hidden\">\n\t\t\t\t\t<div class=\"flickity-slider d-flex w-100 h-100 pos-rel align-items-start\" style=\"left: 0; transform: translateX(0%);\">\n\t\t\t\t\t\t\t\t\t\t\t\t<div class=\"carousel-item d-flex flex-column justify-content-center elementor-repeater-item-8b86e2f\">\n\t\t\t\t\t\t\t\t<div class=\"carousel-item-inner pos-rel w-100\">\n\t\t\t\t\t\t\t\t\t<div class=\"carousel-item-content pos-rel w-100\">\n\n\t\t\t\t\t\t\t\t\t\t<p>For us: \u201cEquality means business!\u201d<\/p>\t\t\t\t\t\t\t\t\t<\/div>\n\t\t\t\t\t\t\t\t<\/div>\n\t\t\t\t\t\t\t<\/div>\n\t\t\t\t\t\t\t\t\t\t\t\t\t<div class=\"carousel-item d-flex flex-column justify-content-center elementor-repeater-item-9faf2f4\">\n\t\t\t\t\t\t\t\t<div class=\"carousel-item-inner pos-rel w-100\">\n\t\t\t\t\t\t\t\t\t<div class=\"carousel-item-content pos-rel w-100\">\n\n\t\t\t\t\t\t\t\t\t\t<p>We promote diversity: \u201cDiversity motivates business!\u201d<\/p>\t\t\t\t\t\t\t\t\t<\/div>\n\t\t\t\t\t\t\t\t<\/div>\n\t\t\t\t\t\t\t<\/div>\n\t\t\t\t\t\t\t\t\t\t\t\t\t<div class=\"carousel-item d-flex flex-column justify-content-center elementor-repeater-item-06976fe\">\n\t\t\t\t\t\t\t\t<div class=\"carousel-item-inner pos-rel w-100\">\n\t\t\t\t\t\t\t\t\t<div class=\"carousel-item-content pos-rel w-100\">\n\n\t\t\t\t\t\t\t\t\t\t<p>Our Human Resources Policies: \u201cZero discrimination\u201d based on gender, age, ethnicity, etc.<\/p>\t\t\t\t\t\t\t\t\t<\/div>\n\t\t\t\t\t\t\t\t<\/div>\n\t\t\t\t\t\t\t<\/div>\n\t\t\t\t\t\t\t\t\t\t\t\t\t<div class=\"carousel-item d-flex flex-column justify-content-center elementor-repeater-item-2cb0ade\">\n\t\t\t\t\t\t\t\t<div class=\"carousel-item-inner pos-rel w-100\">\n\t\t\t\t\t\t\t\t\t<div class=\"carousel-item-content pos-rel w-100\">\n\n\t\t\t\t\t\t\t\t\t\t<p>We guarantee safety: \u201cZero accidents\u201d in the workplace.<\/p>\t\t\t\t\t\t\t\t\t<\/div>\n\t\t\t\t\t\t\t\t<\/div>\n\t\t\t\t\t\t\t<\/div>\n\t\t\t\t\t\t\t\t\t\t\t<\/div>\n\t\t\t\t<\/div>\n\t\t\t<\/div>\n\t\t\t\n\t\t\t\n\t\t<\/div>\n\t\t\t\t\t\t<\/div>\n\t\t\t\t<\/div>\n\t\t\t\t\t<\/div>\n\t\t<\/div>\n\t\t\t\t\t<\/div>\n\t\t<\/section>\n\t\t\t\t<section class=\"elementor-section elementor-top-section elementor-element elementor-element-378ae6 elementor-hidden-desktop elementor-hidden-tablet elementor-hidden-mobile elementor-section-boxed elementor-section-height-default elementor-section-height-default\" data-id=\"378ae6\" data-element_type=\"section\">\n\t\t\t\t\t\t<div class=\"elementor-container elementor-column-gap-default\">\n\t\t\t\t\t<div class=\"elementor-column elementor-col-20 elementor-top-column elementor-element elementor-element-1db4e1d9\" data-id=\"1db4e1d9\" data-element_type=\"column\">\n\t\t\t<div class=\"elementor-widget-wrap elementor-element-populated\">\n\t\t\t\t\t\t<div class=\"elementor-element elementor-element-2e4a2e55 elementor-widget elementor-widget-hub_fancy_heading\" data-id=\"2e4a2e55\" data-element_type=\"widget\" data-widget_type=\"hub_fancy_heading.default\">\n\t\t\t\t<div class=\"elementor-widget-container\">\n\t\t\t\t\t\n\t\t<div id=\"ld-fancy-heading-69f37bbaa9f62\" class=\"ld-fancy-heading pos-rel\">\n\t\t\t<p class=\"ld-fh-element d-inline-block pos-rel  lqd-highlight-classic lqd-highlight-grow-left p\"  > Tel\/ Fax<\/p>\t\t<\/div>\n\n\t\t\t\t\t\t<\/div>\n\t\t\t\t<\/div>\n\t\t\t\t<div class=\"elementor-element elementor-element-3e37b34f elementor-widget elementor-widget-hub_fancy_heading\" data-id=\"3e37b34f\" data-element_type=\"widget\" data-widget_type=\"hub_fancy_heading.default\">\n\t\t\t\t<div class=\"elementor-widget-container\">\n\t\t\t\t\t\n\t\t<div id=\"ld-fancy-heading-69f37bbaaa578\" class=\"ld-fancy-heading pos-rel\">\n\t\t\t<h6 class=\"ld-fh-element d-inline-block pos-rel  elementor-heading-title lqd-highlight-classic lqd-highlight-grow-left h6\"  > +355 422258372<\/h6>\t\t<\/div>\n\n\t\t\t\t\t\t<\/div>\n\t\t\t\t<\/div>\n\t\t\t\t<div class=\"elementor-element elementor-element-114426d elementor-widget elementor-widget-hub_fancy_heading\" data-id=\"114426d\" data-element_type=\"widget\" data-widget_type=\"hub_fancy_heading.default\">\n\t\t\t\t<div class=\"elementor-widget-container\">\n\t\t\t\t\t\n\t\t<div id=\"ld-fancy-heading-69f37bbaaab6f\" class=\"ld-fancy-heading pos-rel\">\n\t\t\t<h6 class=\"ld-fh-element d-inline-block pos-rel  elementor-heading-title lqd-highlight-classic lqd-highlight-grow-left h6\"  > +(355) 69 207 3531<\/h6>\t\t<\/div>\n\n\t\t\t\t\t\t<\/div>\n\t\t\t\t<\/div>\n\t\t\t\t\t<\/div>\n\t\t<\/div>\n\t\t\t\t<div class=\"elementor-column elementor-col-20 elementor-top-column elementor-element elementor-element-513505c7\" data-id=\"513505c7\" data-element_type=\"column\">\n\t\t\t<div class=\"elementor-widget-wrap elementor-element-populated\">\n\t\t\t\t\t\t<div class=\"elementor-element elementor-element-2c5a152b elementor-widget-divider--view-line elementor-widget elementor-widget-divider\" data-id=\"2c5a152b\" data-element_type=\"widget\" data-widget_type=\"divider.default\">\n\t\t\t\t<div class=\"elementor-widget-container\">\n\t\t\t\t\t\t\t<div class=\"elementor-divider\">\n\t\t\t<span class=\"elementor-divider-separator\">\n\t\t\t\t\t\t<\/span>\n\t\t<\/div>\n\t\t\t\t\t\t<\/div>\n\t\t\t\t<\/div>\n\t\t\t\t\t<\/div>\n\t\t<\/div>\n\t\t\t\t<div class=\"elementor-column elementor-col-20 elementor-top-column elementor-element elementor-element-73106241\" data-id=\"73106241\" data-element_type=\"column\">\n\t\t\t<div class=\"elementor-widget-wrap elementor-element-populated\">\n\t\t\t\t\t\t<div class=\"elementor-element elementor-element-412d66e7 elementor-widget elementor-widget-hub_fancy_heading\" data-id=\"412d66e7\" data-element_type=\"widget\" data-widget_type=\"hub_fancy_heading.default\">\n\t\t\t\t<div class=\"elementor-widget-container\">\n\t\t\t\t\t\n\t\t<div id=\"ld-fancy-heading-69f37bbaabbe4\" class=\"ld-fancy-heading pos-rel\">\n\t\t\t<p class=\"ld-fh-element d-inline-block pos-rel  lqd-highlight-classic lqd-highlight-grow-left p\"  > Godina, 18,  <br \/>Rruga Nikolla Jorga   1001, Tiran\u00eb\n<\/p>\t\t<\/div>\n\n\t\t\t\t\t\t<\/div>\n\t\t\t\t<\/div>\n\t\t\t\t<div class=\"elementor-element elementor-element-23ad5d8a elementor-widget elementor-widget-hub_fancy_heading\" data-id=\"23ad5d8a\" data-element_type=\"widget\" data-widget_type=\"hub_fancy_heading.default\">\n\t\t\t\t<div class=\"elementor-widget-container\">\n\t\t\t\t\t\n\t\t<div id=\"ld-fancy-heading-69f37bbaac22f\" class=\"ld-fancy-heading pos-rel\">\n\t\t\t<div class=\"ld-fh-element d-inline-block pos-rel  lqd-highlight-classic lqd-highlight-grow-left div\"  > \n<\/div>\t\t<\/div>\n\n\t\t\t\t\t\t<\/div>\n\t\t\t\t<\/div>\n\t\t\t\t\t<\/div>\n\t\t<\/div>\n\t\t\t\t<div class=\"elementor-column elementor-col-20 elementor-top-column elementor-element elementor-element-34f90e6b\" data-id=\"34f90e6b\" data-element_type=\"column\">\n\t\t\t<div class=\"elementor-widget-wrap elementor-element-populated\">\n\t\t\t\t\t\t<div class=\"elementor-element elementor-element-1e64b584 elementor-widget-divider--view-line elementor-widget elementor-widget-divider\" data-id=\"1e64b584\" data-element_type=\"widget\" data-widget_type=\"divider.default\">\n\t\t\t\t<div class=\"elementor-widget-container\">\n\t\t\t\t\t\t\t<div class=\"elementor-divider\">\n\t\t\t<span class=\"elementor-divider-separator\">\n\t\t\t\t\t\t<\/span>\n\t\t<\/div>\n\t\t\t\t\t\t<\/div>\n\t\t\t\t<\/div>\n\t\t\t\t\t<\/div>\n\t\t<\/div>\n\t\t\t\t<div class=\"elementor-column elementor-col-20 elementor-top-column elementor-element elementor-element-9c52fc1\" data-id=\"9c52fc1\" data-element_type=\"column\">\n\t\t\t<div class=\"elementor-widget-wrap elementor-element-populated\">\n\t\t\t\t\t\t<div class=\"elementor-element elementor-element-7d71e757 elementor-hidden-desktop elementor-hidden-tablet elementor-hidden-mobile elementor-widget elementor-widget-hub_fancy_heading\" data-id=\"7d71e757\" data-element_type=\"widget\" data-widget_type=\"hub_fancy_heading.default\">\n\t\t\t\t<div class=\"elementor-widget-container\">\n\t\t\t\t\t\n\t\t<div id=\"ld-fancy-heading-69f37bbaad2c8\" class=\"ld-fancy-heading pos-rel\">\n\t\t\t<p class=\"ld-fh-element d-inline-block pos-rel  lqd-highlight-classic lqd-highlight-grow-left p\"  > Email<\/p>\t\t<\/div>\n\n\t\t\t\t\t\t<\/div>\n\t\t\t\t<\/div>\n\t\t\t\t<div class=\"elementor-element elementor-element-5a8536a1 elementor-widget elementor-widget-hub_fancy_heading\" data-id=\"5a8536a1\" data-element_type=\"widget\" data-widget_type=\"hub_fancy_heading.default\">\n\t\t\t\t<div class=\"elementor-widget-container\">\n\t\t\t\t\t\n\t\t<div id=\"ld-fancy-heading-69f37bbaad904\" class=\"ld-fancy-heading pos-rel\">\n\t\t\t<h6 class=\"ld-fh-element d-inline-block pos-rel  elementor-heading-title lqd-highlight-classic lqd-highlight-grow-left h6\"  > info@matrixkonstruksion.com<\/h6>\t\t<\/div>\n\n\t\t\t\t\t\t<\/div>\n\t\t\t\t<\/div>\n\t\t\t\t\t<\/div>\n\t\t<\/div>\n\t\t\t\t\t<\/div>\n\t\t<\/section>\n\t\t\t\t<\/div>","protected":false},"excerpt":{"rendered":"<p>Standartet tona Standartet tona ISO 9001 \u2013 Sistemi i Menaxhimit t\u00eb Cil\u00ebsis\u00eb ISO 14001 \u2013 Sistemi I Menaxhimit Mjedisor ISO 45001 \u2013 Sistemi I Menaxhimit t\u00eb Sh\u00ebndetit dhe Siguris\u00eb Profesionale ISO 50001 \u2013 Sistemi I Menaxhimit Energjitik UN Woman \u2013 Firm\u00ebtare e nism\u00ebs \u201cParimet e Fuqizimit t\u00eb Grave\u201d Politika &#8220;Pro Jet\u00eb\u201d &#8211; Rritja e mir\u00ebqenies [&hellip;]<\/p>","protected":false},"author":1,"featured_media":0,"parent":0,"menu_order":0,"comment_status":"closed","ping_status":"closed","template":"","meta":{"_monsterinsights_skip_tracking":false,"_monsterinsights_sitenote_active":false,"_monsterinsights_sitenote_note":"","_monsterinsights_sitenote_category":0,"footnotes":""},"class_list":["post-13595","page","type-page","status-publish","hentry"],"_links":{"self":[{"href":"https:\/\/matrixkonstruksion.com\/en\/wp-json\/wp\/v2\/pages\/13595","targetHints":{"allow":["GET"]}}],"collection":[{"href":"https:\/\/matrixkonstruksion.com\/en\/wp-json\/wp\/v2\/pages"}],"about":[{"href":"https:\/\/matrixkonstruksion.com\/en\/wp-json\/wp\/v2\/types\/page"}],"author":[{"embeddable":true,"href":"https:\/\/matrixkonstruksion.com\/en\/wp-json\/wp\/v2\/users\/1"}],"replies":[{"embeddable":true,"href":"https:\/\/matrixkonstruksion.com\/en\/wp-json\/wp\/v2\/comments?post=13595"}],"version-history":[{"count":4,"href":"https:\/\/matrixkonstruksion.com\/en\/wp-json\/wp\/v2\/pages\/13595\/revisions"}],"predecessor-version":[{"id":13599,"href":"https:\/\/matrixkonstruksion.com\/en\/wp-json\/wp\/v2\/pages\/13595\/revisions\/13599"}],"wp:attachment":[{"href":"https:\/\/matrixkonstruksion.com\/en\/wp-json\/wp\/v2\/media?parent=13595"}],"curies":[{"name":"wp","href":"https:\/\/api.w.org\/{rel}","templated":true}]}}